{"id":61,"date":"2013-02-12T11:13:00","date_gmt":"2013-02-12T11:13:00","guid":{"rendered":"http:\/\/juergenkemmer.de\/?page_id=61"},"modified":"2022-05-15T13:17:49","modified_gmt":"2022-05-15T13:17:49","slug":"61-2","status":"publish","type":"page","link":"https:\/\/juergenkemmer.de\/?page_id=61","title":{"rendered":"about"},"content":{"rendered":"<p>J\u00fcrgen beginnt seine Kameraausbildung in der Praxis am Filmset.<br \/>\nIn mehr als 20 Berufsjahren durchl\u00e4uft er dabei alle Stationen des Kameradepartments vom Clapper Loader, Focus Puller, Operator bis zum Dop.<br \/>\nW\u00e4hrend seiner Zeit als 1. Kamera-Assistent bei zahlreichen Spielfilmproduktionen lernt er von exzellenten Meistern ihres Faches.<br \/>\n(Mitarbeit u.a. bei internationalen Spielfilmproduktionen: \u201eDas Parfum\u201c \/ \u201eThe International\u201c von Tom Tykwer, Dokumentarfilme von Thomas Riedelsheimer)<br \/>\nIn der 2 j\u00e4hrigen Master Class Kamera (2010-2012) an der Hamburg Media School vertieft er sein Wissen.<br \/>\n(Abschlu\u00df Master of Arts \/ Cinematography, Seminare u.a. bei Michael Ballhaus, Judith Kaufmann, Benedict Neuenfels)<br \/>\nDie in dieser Zeit entstandenen Kurzspielfilme laufen erfolgreich auf internationalen Filmfestivals.<br \/>\nJ\u00fcrgen lebt mit seiner Familie in Hamburg und arbeitet als Kameramann f\u00fcr Spielfilm, Dokumentarfilm und Werbung.<\/p>\n<p>J\u00fcrgen starts his career in cinematography by working on the filmset.<br \/>\nMore than 20 years in the job he runs through all the steps in the camera department. Starting as a clapper loader, focus puller to operator and dop.<br \/>\nIn this time he had the opportunity to learn from exellent cinematographers on many feature film productions.<br \/>\n(cooperation on international feature film productions (\u201ethe parfum\u201c \/ \u201ethe international\u201c by Tom Tykwer), Documentary films by Thomas Riedelsheimer.<br \/>\nOn the other hand he was in the master class cinematography (2010-2012) in hamburg media school.<br \/>\n(Master of arts in cinematography, classes i.a. by Michael Ballhaus, Judith Kaufmann, Benedict Neuenfels)<br \/>\nThe shortfilms made in this period are shown successfully on international film festivals.<br \/>\nJ\u00fcrgen lives with his family in Hamburg, Germany and works as a director of photography in feature, documentary and commercials.<\/p>\n","protected":false},"excerpt":{"rendered":"<p>J\u00fcrgen beginnt seine Kameraausbildung in der Praxis am Filmset. In mehr als 20 Berufsjahren durchl\u00e4uft er dabei alle Stationen des Kameradepartments vom Clapper Loader, Focus Puller, Operator bis zum Dop. W\u00e4hrend seiner Zeit als 1. Kamera-Assistent bei zahlreichen Spielfilmproduktionen lernt er von exzellenten Meistern ihres Faches. (Mitarbeit u.a. bei internationalen Spielfilmproduktionen: \u201eDas Parfum\u201c \/ \u201eThe [&hellip;]<\/p>\n","protected":false},"author":1,"featured_media":0,"parent":0,"menu_order":0,"comment_status":"closed","ping_status":"closed","template":"","meta":{"footnotes":""},"_links":{"self":[{"href":"https:\/\/juergenkemmer.de\/index.php?rest_route=\/wp\/v2\/pages\/61"}],"collection":[{"href":"https:\/\/juergenkemmer.de\/index.php?rest_route=\/wp\/v2\/pages"}],"about":[{"href":"https:\/\/juergenkemmer.de\/index.php?rest_route=\/wp\/v2\/types\/page"}],"author":[{"embeddable":true,"href":"https:\/\/juergenkemmer.de\/index.php?rest_route=\/wp\/v2\/users\/1"}],"replies":[{"embeddable":true,"href":"https:\/\/juergenkemmer.de\/index.php?rest_route=%2Fwp%2Fv2%2Fcomments&post=61"}],"version-history":[{"count":22,"href":"https:\/\/juergenkemmer.de\/index.php?rest_route=\/wp\/v2\/pages\/61\/revisions"}],"predecessor-version":[{"id":752,"href":"https:\/\/juergenkemmer.de\/index.php?rest_route=\/wp\/v2\/pages\/61\/revisions\/752"}],"wp:attachment":[{"href":"https:\/\/juergenkemmer.de\/index.php?rest_route=%2Fwp%2Fv2%2Fmedia&parent=61"}],"curies":[{"name":"wp","href":"https:\/\/api.w.org\/{rel}","templated":true}]}}